{"id":807,"date":"2024-11-01T15:04:02","date_gmt":"2024-11-01T15:04:02","guid":{"rendered":"https:\/\/stiftung-wolframbeck.com\/?page_id=807"},"modified":"2026-03-19T19:21:03","modified_gmt":"2026-03-19T19:21:03","slug":"maks-dannecker","status":"publish","type":"page","link":"https:\/\/stiftung-wolframbeck.com\/en\/maks-dannecker\/","title":{"rendered":"Maks Dannecker"},"content":{"rendered":"<div data-elementor-type=\"wp-page\" data-elementor-id=\"807\" class=\"elementor elementor-807\">\n\t\t\t\t\t\t<section class=\"elementor-section elementor-top-section elementor-element elementor-element-b4ca8df elementor-section-boxed elementor-section-height-default elementor-section-height-default\" data-id=\"b4ca8df\" data-element_type=\"section\" data-e-type=\"section\" data-settings=\"{&quot;background_background&quot;:&quot;classic&quot;}\">\n\t\t\t\t\t\t<div class=\"elementor-container elementor-column-gap-default\">\n\t\t\t\t\t<div class=\"elementor-column elementor-col-100 elementor-top-column elementor-element elementor-element-368e127\" data-id=\"368e127\" data-element_type=\"column\" data-e-type=\"column\">\n\t\t\t<div class=\"elementor-widget-wrap elementor-element-populated\">\n\t\t\t\t\t\t<div class=\"elementor-element elementor-element-3f9b737 elementor-widget elementor-widget-spacer\" data-id=\"3f9b737\" data-element_type=\"widget\" data-e-type=\"widget\" data-widget_type=\"spacer.default\">\n\t\t\t\t<div class=\"elementor-widget-container\">\n\t\t\t\t\t\t\t<div class=\"elementor-spacer\">\n\t\t\t<div class=\"elementor-spacer-inner\"><\/div>\n\t\t<\/div>\n\t\t\t\t\t\t<\/div>\n\t\t\t\t<\/div>\n\t\t\t\t<div class=\"elementor-element elementor-element-0b2e380 elementor-widget elementor-widget-heading\" data-id=\"0b2e380\" data-element_type=\"widget\" data-e-type=\"widget\" data-widget_type=\"heading.default\">\n\t\t\t\t<div class=\"elementor-widget-container\">\n\t\t\t\t\t<h1 class=\"elementor-heading-title elementor-size-xxl\">STIFTUNG WOLFRAM BECK<\/h1>\t\t\t\t<\/div>\n\t\t\t\t<\/div>\n\t\t\t\t<div class=\"elementor-element elementor-element-bfa1729 elementor-widget-divider--view-line elementor-widget elementor-widget-divider\" data-id=\"bfa1729\" data-element_type=\"widget\" data-e-type=\"widget\" data-widget_type=\"divider.default\">\n\t\t\t\t<div class=\"elementor-widget-container\">\n\t\t\t\t\t\t\t<div class=\"elementor-divider\">\n\t\t\t<span class=\"elementor-divider-separator\">\n\t\t\t\t\t\t<\/span>\n\t\t<\/div>\n\t\t\t\t\t\t<\/div>\n\t\t\t\t<\/div>\n\t\t\t\t\t<\/div>\n\t\t<\/div>\n\t\t\t\t\t<\/div>\n\t\t<\/section>\n\t\t\t\t<section class=\"elementor-section elementor-top-section elementor-element elementor-element-f5fa3e7 elementor-section-boxed elementor-section-height-default elementor-section-height-default\" data-id=\"f5fa3e7\" data-element_type=\"section\" data-e-type=\"section\">\n\t\t\t\t\t\t<div class=\"elementor-container elementor-column-gap-default\">\n\t\t\t\t\t<div class=\"elementor-column elementor-col-100 elementor-top-column elementor-element elementor-element-54c2b9a\" data-id=\"54c2b9a\" data-element_type=\"column\" data-e-type=\"column\">\n\t\t\t<div class=\"elementor-widget-wrap elementor-element-populated\">\n\t\t\t\t\t\t<div class=\"elementor-element elementor-element-7bfc39b elementor-widget elementor-widget-spacer\" data-id=\"7bfc39b\" data-element_type=\"widget\" data-e-type=\"widget\" data-widget_type=\"spacer.default\">\n\t\t\t\t<div class=\"elementor-widget-container\">\n\t\t\t\t\t\t\t<div class=\"elementor-spacer\">\n\t\t\t<div class=\"elementor-spacer-inner\"><\/div>\n\t\t<\/div>\n\t\t\t\t\t\t<\/div>\n\t\t\t\t<\/div>\n\t\t\t\t<section class=\"elementor-section elementor-inner-section elementor-element elementor-element-7842bca elementor-section-boxed elementor-section-height-default elementor-section-height-default\" data-id=\"7842bca\" data-element_type=\"section\" data-e-type=\"section\">\n\t\t\t\t\t\t<div class=\"elementor-container elementor-column-gap-default\">\n\t\t\t\t\t<div class=\"elementor-column elementor-col-100 elementor-inner-column elementor-element elementor-element-0965601\" data-id=\"0965601\" data-element_type=\"column\" data-e-type=\"column\">\n\t\t\t<div class=\"elementor-widget-wrap elementor-element-populated\">\n\t\t\t\t\t\t<div class=\"elementor-element elementor-element-7627560 elementor-widget__width-initial elementor-widget-mobile__width-initial elementor-widget elementor-widget-text-editor\" data-id=\"7627560\" data-element_type=\"widget\" data-e-type=\"widget\" data-widget_type=\"text-editor.default\">\n\t\t\t\t<div class=\"elementor-widget-container\">\n\t\t\t\t\t\t\t\t\t<h2>MAKS DANNECKER UND WOLFRAM BECK IM DIALOG<\/h2>\t\t\t\t\t\t\t\t<\/div>\n\t\t\t\t<\/div>\n\t\t\t\t<div class=\"elementor-element elementor-element-46b7a20 elementor-widget elementor-widget-image\" data-id=\"46b7a20\" data-element_type=\"widget\" data-e-type=\"widget\" data-widget_type=\"image.default\">\n\t\t\t\t<div class=\"elementor-widget-container\">\n\t\t\t\t\t\t\t\t\t\t\t\t\t\t\t<img fetchpriority=\"high\" decoding=\"async\" width=\"2560\" height=\"1280\" src=\"https:\/\/stiftung-wolframbeck.com\/wp-content\/uploads\/2024\/11\/today-1-angepasste-Tonwerte-scaled.jpg\" class=\"attachment-full size-full wp-image-903\" alt=\"\" srcset=\"https:\/\/stiftung-wolframbeck.com\/wp-content\/uploads\/2024\/11\/today-1-angepasste-Tonwerte-scaled.jpg 2560w, https:\/\/stiftung-wolframbeck.com\/wp-content\/uploads\/2024\/11\/today-1-angepasste-Tonwerte-300x150.jpg 300w, https:\/\/stiftung-wolframbeck.com\/wp-content\/uploads\/2024\/11\/today-1-angepasste-Tonwerte-1024x512.jpg 1024w, https:\/\/stiftung-wolframbeck.com\/wp-content\/uploads\/2024\/11\/today-1-angepasste-Tonwerte-768x384.jpg 768w, https:\/\/stiftung-wolframbeck.com\/wp-content\/uploads\/2024\/11\/today-1-angepasste-Tonwerte-1536x768.jpg 1536w, https:\/\/stiftung-wolframbeck.com\/wp-content\/uploads\/2024\/11\/today-1-angepasste-Tonwerte-2048x1024.jpg 2048w\" sizes=\"(max-width: 2560px) 100vw, 2560px\" \/>\t\t\t\t\t\t\t\t\t\t\t\t\t\t\t<\/div>\n\t\t\t\t<\/div>\n\t\t\t\t<div class=\"elementor-element elementor-element-cd7c46c elementor-widget elementor-widget-text-editor\" data-id=\"cd7c46c\" data-element_type=\"widget\" data-e-type=\"widget\" data-widget_type=\"text-editor.default\">\n\t\t\t\t<div class=\"elementor-widget-container\">\n\t\t\t\t\t\t\t\t\t<p>Auf Einladung der STIFTUNG <strong>WOLFRAM BECK<\/strong> werden Werke von Maks Dannecker denen von Wolfram Beck in einen Dialog gestellt.<\/p>\n<p>Die K\u00fcnstler verbindet die \u00e4sthetische Nutzung der Technik ihrer Zeit. Maks Dannecker unterwirft moderne Bildgebungstechnologien ihrer fotografischen Idee und l\u00e4sst konkrete und gleichsam sph\u00e4rische Kunst entstehen. Wolfram Beck bediente sich 50 Jahre zuvor seines handwerklichen K\u00f6nnens im Umgang mit Holz, Stahl und Plexiglas.<\/p>\n<p>Wenn Maks Dannecker ihre Herangehensweise beschreibt, er\u00f6ffnet sie uns eine Welt des Umgangs mit anorganischen Materialien. Ihre Arbeitsweise \u00e4hnelt sehr der Wolfram Becks, der von Anwendungsbeispielen anorganischer Werkstoffe stark inspiriert wurde. Beide verstehen sich als Handwerker im wortw\u00f6rtlichen Sinne und als Meister des Materials. Beide verbindet die Achtung, die sie dem Werkstoff und den sich bietenden Gestaltungsm\u00f6glichkeiten entgegenbringen.<\/p>\n<p>So sehr sich ihre Biografien unterscheiden, so komplement\u00e4r begegnen sie sich in ihrer Kunst. Beiden ist Interpretation und Deutung ihrer Werke unangenehm. Was sie nicht selber gedacht und gesagt haben, billigen sie anderen an Interpretationsversuchen auch nicht zu.<\/p>\n<p>Beide schaffen mit Formen, die durch Farbgebung unterschiedliche Wertigkeit erhalten, eine Atmosph\u00e4re, Verdichtung und Weite zugleich. Beide spielen mit Metallischem und bieten uns eine faszinierende Variantenvielfalt, bei denen Farbwerte f\u00fcr sich stehen und wirken.&nbsp;<\/p>\n<p>Geometrisches, das bei Dannecker durch Unsch\u00e4rfe aufgel\u00f6st wird, ist bei Beck immer skulptural. Der Bildhauer entzieht sich in der Zweidimensionalit\u00e4t oft der Raumlogik und erzeugt dadurch eine Tiefe, die anders ist als Skulptur.&nbsp; Hier unterscheidet sich die Fotografin vom Bildhauer. Die Fotografin seziert das Aufgenommene und setze es neu zusammen, der Bildhauer schafft Konkretes aus dem Nichts.<\/p>\n<p>\u201e<strong>Maks Dannecker<\/strong> findet mit ihren fotografischen Arbeiten und Skulpturen eine sehr eigenst\u00e4ndige Form von Nachbildern und St\u00f6rungen. Tonwerte und Farbwerte sind analytische Kriterien f\u00fcr das Verfertigen der Werke. Mittels technischer Hilfswerkzeuge gelingt es der K\u00fcnstlerin eine bearbeitende Erforschung vorgefundener, abgebildeter Bilder, die durch einen Ver\u00e4nderungsprozess zum eigentlich neuen Bild verwandelt werden. Es ist allerdings kein Zauber, sondern eben das konsequente Nutzen digitaler Bildverarbeitungswerkzeuge. Referenzen werden gesetzt, Ausschnitte geschnitten, Gliederungen herangezogen, oft unabh\u00e4ngig vom Bildmotiv findet eine strenge Analyse statt, die neue Anordnungen und Bez\u00fcge setzt. Markierungspunkte oder technische Kommentare oder Zeichen werden integriert und sind Anlass f\u00fcr \u00e4sthetische Findungen. Die Farbigkeit wird gescannt und im Labor der Ver\u00e4nderung streng und ohne Kompromisse verarbeitet. Der Bildraum wird getroffen, gesetzt und aufgelichtet: \u201eAuflichtung des wieder erkennbaren Bildraumes\u201c. Zwischenschritte sind dabei f\u00fcr den Prozess wichtig, in gewisser Weise mag dies an die ausdrucksstarke Kraft der Ikonostase erinnern. Transformationsprozesse, technische Vorg\u00e4nge, aber k\u00fcnstlerische Entscheidungen. Fremdk\u00f6rper werden eingeschleust und als fast zeichnerische St\u00f6rung zu einem Bild reduziert oder besser: dekonstruiert. Einschl\u00fcsse, wie in Bernstein, sind ohne Drama beteiligt, Fremdk\u00f6rper, Partikel als Geschichte aus dem Alltag einer Alchimie ohne Mythos.\u201c (Prof. Uwe J. Reinhardt)<\/p>\n<p><strong>Wolfram Beck<\/strong> h\u00e4tten die technischen M\u00f6glichkeiten von heute fasziniert. Er h\u00e4tte sich Erleichterung von M\u00fchen um die Perfektion im Entstehungsprozess erhofft und auch, dass ihn die Technologie in seiner Suche nach der richtigen Form unterst\u00fctzt. Zugleich war Technik f\u00fcr ihn Inspiration, die Funktion und die Zweckentfremdung der Mechanik selbst ein k\u00fcnstlerischer Wert. Moderne Werkstoffe faszinierten ihn \u2013 er\u00f6ffneten ihm neue Wege des Ausdrucks und halfen ihm, das zu gestalten, was er artistisch sagen musste.<\/p>\t\t\t\t\t\t\t\t<\/div>\n\t\t\t\t<\/div>\n\t\t\t\t<div class=\"elementor-element elementor-element-4d233d4 elementor-widget elementor-widget-text-editor\" data-id=\"4d233d4\" data-element_type=\"widget\" data-e-type=\"widget\" data-widget_type=\"text-editor.default\">\n\t\t\t\t<div class=\"elementor-widget-container\">\n\t\t\t\t\t\t\t\t\t<p class=\"CWTextCopy\"><a href=\"https:\/\/maksdannecker.de\/about\"><b><u><span style=\"font-family: 'Source Sans Pro Light',sans-serif;\">Maks Dannecker (1976)<\/span><\/u><\/b><\/a><\/p>\t\t\t\t\t\t\t\t<\/div>\n\t\t\t\t<\/div>\n\t\t\t\t<div class=\"elementor-element elementor-element-3f34733 elementor-widget elementor-widget-image\" data-id=\"3f34733\" data-element_type=\"widget\" data-e-type=\"widget\" data-widget_type=\"image.default\">\n\t\t\t\t<div class=\"elementor-widget-container\">\n\t\t\t\t\t\t\t\t\t\t\t\t\t\t\t\t<a href=\"https:\/\/maksdannecker.de\/about\">\n\t\t\t\t\t\t\t<img decoding=\"async\" src=\"https:\/\/stiftung-wolframbeck.com\/wp-content\/uploads\/elementor\/thumbs\/MD-qwfa0fq2o12lir1ri7l8afls8d0v15chfaq7b6oydw.jpg\" title=\"MD\" alt=\"MD\" loading=\"lazy\" \/>\t\t\t\t\t\t\t\t<\/a>\n\t\t\t\t\t\t\t\t\t\t\t\t\t\t\t<\/div>\n\t\t\t\t<\/div>\n\t\t\t\t<div class=\"elementor-element elementor-element-52e7e9a elementor-widget elementor-widget-text-editor\" data-id=\"52e7e9a\" data-element_type=\"widget\" data-e-type=\"widget\" data-widget_type=\"text-editor.default\">\n\t\t\t\t<div class=\"elementor-widget-container\">\n\t\t\t\t\t\t\t\t\t<p>Maks Dannecker absolvierte ihre Ausbildung zur <a href=\"https:\/\/de.wikipedia.org\/wiki\/Fotograf\">Fotografin<\/a> an der <a href=\"https:\/\/de.wikipedia.org\/wiki\/Johannes-Gutenberg-Schule_Stuttgart\">Johannes-Gutenberg-Schule Stuttgart<\/a>. Sie ist Mitglied der <a href=\"https:\/\/de.wikipedia.org\/wiki\/Neue_Gruppe\">Neuen Gruppe<\/a> Haus der Kunst M\u00fcnchen, im <a href=\"https:\/\/de.wikipedia.org\/wiki\/W%C3%BCrttembergischer_Kunstverein_Stuttgart\">W\u00fcrttembergischen Kunstverein Stuttgart<\/a> und der Gruppe Konkret, Bonn.<\/p><p>Ihre Arbeit ist durch einen konzeptuellen Umgang mit fotografischen Themen bestimmt. Durch Einschleusen von Farbpartikeln, Formen und Fl\u00e4chen in ihre Arbeiten durch Anordnungen assoziiert sie Hintergrundgeschichten. Teile ihres fotografischen Werks sind der <a href=\"https:\/\/de.wikipedia.org\/wiki\/Konkrete_Kunst\">Konkreten Kunst<\/a> beziehungsweise der <a href=\"https:\/\/de.wikipedia.org\/wiki\/Konkrete_Fotografie\">Konkreten Fotografie<\/a> zuzurechnen. Sie ist Mitglied der <a href=\"https:\/\/de.wikipedia.org\/wiki\/Gruppe_konkret\">Gruppe konkret<\/a>. Nach Angaben von <a href=\"https:\/\/de.wikipedia.org\/wiki\/ArtFacts.Net\">artfacts<\/a>, der weltweit gr\u00f6\u00dften Kunstdatenbank, ist Maks Dannecker im Jahr 2023 global auf Platz 2 der am meisten ausgestellten lebenden ultra contemporary K\u00fcnstler mit 37 realisierten Ausstellungen. Ihre Werke befinden sich in internationalen \u00f6ffentlichen und privaten Sammlungen.<\/p><p>Maks Dannecker lebt seit 2019 in Berlin und <a href=\"https:\/\/de.wikipedia.org\/wiki\/Salach\">Salach<\/a>. Sie arbeitet international.<\/p>\t\t\t\t\t\t\t\t<\/div>\n\t\t\t\t<\/div>\n\t\t\t\t<div class=\"elementor-element elementor-element-2e91ac5 elementor-align-center elementor-mobile-align-center elementor-widget elementor-widget-button\" data-id=\"2e91ac5\" data-element_type=\"widget\" data-e-type=\"widget\" data-widget_type=\"button.default\">\n\t\t\t\t<div class=\"elementor-widget-container\">\n\t\t\t\t\t\t\t\t\t<div class=\"elementor-button-wrapper\">\n\t\t\t\t\t<a class=\"elementor-button elementor-button-link elementor-size-sm\" href=\"https:\/\/www.instagram.com\/maksdannecker\/?hl=de\" target=\"_blank\">\n\t\t\t\t\t\t<span class=\"elementor-button-content-wrapper\">\n\t\t\t\t\t\t<span class=\"elementor-button-icon\">\n\t\t\t\t<i aria-hidden=\"true\" class=\"fab fa-instagram\"><\/i>\t\t\t<\/span>\n\t\t\t\t\t\t\t\t\t<span class=\"elementor-button-text\">Maks Dannecker auf Instagram<\/span>\n\t\t\t\t\t<\/span>\n\t\t\t\t\t<\/a>\n\t\t\t\t<\/div>\n\t\t\t\t\t\t\t\t<\/div>\n\t\t\t\t<\/div>\n\t\t\t\t\t<\/div>\n\t\t<\/div>\n\t\t\t\t\t<\/div>\n\t\t<\/section>\n\t\t\t\t\t<\/div>\n\t\t<\/div>\n\t\t\t\t\t<\/div>\n\t\t<\/section>\n\t\t\t\t<\/div>","protected":false},"excerpt":{"rendered":"<p>STIFTUNG WOLFRAM BECK MAKS DANNECKER UND WOLFRAM BECK IM DIALOG Auf Einladung der STIFTUNG WOLFRAM BECK werden Werke von Maks Dannecker denen von Wolfram Beck in einen Dialog gestellt. Die K\u00fcnstler verbindet die \u00e4sthetische Nutzung der Technik ihrer Zeit. Maks Dannecker unterwirft moderne Bildgebungstechnologien ihrer fotografischen Idee und l\u00e4sst konkrete und gleichsam sph\u00e4rische Kunst entstehen. [&hellip;]<\/p>\n","protected":false},"author":1,"featured_media":0,"parent":0,"menu_order":0,"comment_status":"closed","ping_status":"closed","template":"","meta":{"footnotes":""},"class_list":["post-807","page","type-page","status-publish","hentry"],"yoast_head":"<!-- This site is optimized with the Yoast SEO plugin v27.3 - https:\/\/yoast.com\/product\/yoast-seo-wordpress\/ -->\n<title>Maks Dannecker - Stiftung Wolfram Beck<\/title>\n<meta name=\"robots\" content=\"noindex, nofollow\" \/>\n<meta property=\"og:locale\" content=\"en_US\" \/>\n<meta property=\"og:type\" content=\"article\" \/>\n<meta property=\"og:title\" content=\"Maks Dannecker - Stiftung Wolfram Beck\" \/>\n<meta property=\"og:description\" content=\"STIFTUNG WOLFRAM BECK MAKS DANNECKER UND WOLFRAM BECK IM DIALOG Auf Einladung der STIFTUNG WOLFRAM BECK werden Werke von Maks Dannecker denen von Wolfram Beck in einen Dialog gestellt. Die K\u00fcnstler verbindet die \u00e4sthetische Nutzung der Technik ihrer Zeit. Maks Dannecker unterwirft moderne Bildgebungstechnologien ihrer fotografischen Idee und l\u00e4sst konkrete und gleichsam sph\u00e4rische Kunst entstehen. [&hellip;]\" \/>\n<meta property=\"og:url\" content=\"https:\/\/stiftung-wolframbeck.com\/en\/maks-dannecker\/\" \/>\n<meta property=\"og:site_name\" content=\"Stiftung Wolfram Beck\" \/>\n<meta property=\"article:modified_time\" content=\"2026-03-19T19:21:03+00:00\" \/>\n<meta property=\"og:image\" content=\"https:\/\/stiftung-wolframbeck.com\/wp-content\/uploads\/2024\/11\/today-1-angepasste-Tonwerte-scaled.jpg\" \/>\n\t<meta property=\"og:image:width\" content=\"2560\" \/>\n\t<meta property=\"og:image:height\" content=\"1280\" \/>\n\t<meta property=\"og:image:type\" content=\"image\/jpeg\" \/>\n<meta name=\"twitter:card\" content=\"summary_large_image\" \/>\n<meta name=\"twitter:label1\" content=\"Est. reading time\" \/>\n\t<meta name=\"twitter:data1\" content=\"5 minutes\" \/>\n<script type=\"application\/ld+json\" class=\"yoast-schema-graph\">{\"@context\":\"https:\\\/\\\/schema.org\",\"@graph\":[{\"@type\":\"WebPage\",\"@id\":\"https:\\\/\\\/stiftung-wolframbeck.com\\\/maks-dannecker\\\/\",\"url\":\"https:\\\/\\\/stiftung-wolframbeck.com\\\/maks-dannecker\\\/\",\"name\":\"Maks Dannecker - Stiftung Wolfram Beck\",\"isPartOf\":{\"@id\":\"https:\\\/\\\/stiftung-wolframbeck.com\\\/#website\"},\"primaryImageOfPage\":{\"@id\":\"https:\\\/\\\/stiftung-wolframbeck.com\\\/maks-dannecker\\\/#primaryimage\"},\"image\":{\"@id\":\"https:\\\/\\\/stiftung-wolframbeck.com\\\/maks-dannecker\\\/#primaryimage\"},\"thumbnailUrl\":\"https:\\\/\\\/stiftung-wolframbeck.com\\\/wp-content\\\/uploads\\\/2024\\\/11\\\/today-1-angepasste-Tonwerte-scaled.jpg\",\"datePublished\":\"2024-11-01T15:04:02+00:00\",\"dateModified\":\"2026-03-19T19:21:03+00:00\",\"breadcrumb\":{\"@id\":\"https:\\\/\\\/stiftung-wolframbeck.com\\\/maks-dannecker\\\/#breadcrumb\"},\"inLanguage\":\"en-US\",\"potentialAction\":[{\"@type\":\"ReadAction\",\"target\":[\"https:\\\/\\\/stiftung-wolframbeck.com\\\/maks-dannecker\\\/\"]}]},{\"@type\":\"ImageObject\",\"inLanguage\":\"en-US\",\"@id\":\"https:\\\/\\\/stiftung-wolframbeck.com\\\/maks-dannecker\\\/#primaryimage\",\"url\":\"https:\\\/\\\/stiftung-wolframbeck.com\\\/wp-content\\\/uploads\\\/2024\\\/11\\\/today-1-angepasste-Tonwerte-scaled.jpg\",\"contentUrl\":\"https:\\\/\\\/stiftung-wolframbeck.com\\\/wp-content\\\/uploads\\\/2024\\\/11\\\/today-1-angepasste-Tonwerte-scaled.jpg\"},{\"@type\":\"BreadcrumbList\",\"@id\":\"https:\\\/\\\/stiftung-wolframbeck.com\\\/maks-dannecker\\\/#breadcrumb\",\"itemListElement\":[{\"@type\":\"ListItem\",\"position\":1,\"name\":\"Start\",\"item\":\"https:\\\/\\\/stiftung-wolframbeck.com\\\/\"},{\"@type\":\"ListItem\",\"position\":2,\"name\":\"Maks Dannecker\"}]},{\"@type\":\"WebSite\",\"@id\":\"https:\\\/\\\/stiftung-wolframbeck.com\\\/#website\",\"url\":\"https:\\\/\\\/stiftung-wolframbeck.com\\\/\",\"name\":\"Stiftung Wolfram Beck\",\"description\":\"Stiftung im Namen des Bildhauers Wolfram Beck zur Kunst- und Kulturf\u00f6rderung\",\"publisher\":{\"@id\":\"https:\\\/\\\/stiftung-wolframbeck.com\\\/#organization\"},\"potentialAction\":[{\"@type\":\"SearchAction\",\"target\":{\"@type\":\"EntryPoint\",\"urlTemplate\":\"https:\\\/\\\/stiftung-wolframbeck.com\\\/?s={search_term_string}\"},\"query-input\":{\"@type\":\"PropertyValueSpecification\",\"valueRequired\":true,\"valueName\":\"search_term_string\"}}],\"inLanguage\":\"en-US\"},{\"@type\":\"Organization\",\"@id\":\"https:\\\/\\\/stiftung-wolframbeck.com\\\/#organization\",\"name\":\"Stiftung Wolfram Beck\",\"url\":\"https:\\\/\\\/stiftung-wolframbeck.com\\\/\",\"logo\":{\"@type\":\"ImageObject\",\"inLanguage\":\"en-US\",\"@id\":\"https:\\\/\\\/stiftung-wolframbeck.com\\\/#\\\/schema\\\/logo\\\/image\\\/\",\"url\":\"https:\\\/\\\/stiftung-wolframbeck.com\\\/wp-content\\\/uploads\\\/2025\\\/10\\\/cropped-Stiftung-Logo.jpg\",\"contentUrl\":\"https:\\\/\\\/stiftung-wolframbeck.com\\\/wp-content\\\/uploads\\\/2025\\\/10\\\/cropped-Stiftung-Logo.jpg\",\"width\":512,\"height\":512,\"caption\":\"Stiftung Wolfram Beck\"},\"image\":{\"@id\":\"https:\\\/\\\/stiftung-wolframbeck.com\\\/#\\\/schema\\\/logo\\\/image\\\/\"},\"sameAs\":[\"https:\\\/\\\/www.instagram.com\\\/stiftung_wolfram_beck\"]}]}<\/script>\n<!-- \/ Yoast SEO plugin. -->","yoast_head_json":{"title":"Maks Dannecker - Stiftung Wolfram Beck","robots":{"index":"noindex","follow":"nofollow"},"og_locale":"en_US","og_type":"article","og_title":"Maks Dannecker - Stiftung Wolfram Beck","og_description":"STIFTUNG WOLFRAM BECK MAKS DANNECKER UND WOLFRAM BECK IM DIALOG Auf Einladung der STIFTUNG WOLFRAM BECK werden Werke von Maks Dannecker denen von Wolfram Beck in einen Dialog gestellt. Die K\u00fcnstler verbindet die \u00e4sthetische Nutzung der Technik ihrer Zeit. Maks Dannecker unterwirft moderne Bildgebungstechnologien ihrer fotografischen Idee und l\u00e4sst konkrete und gleichsam sph\u00e4rische Kunst entstehen. [&hellip;]","og_url":"https:\/\/stiftung-wolframbeck.com\/en\/maks-dannecker\/","og_site_name":"Stiftung Wolfram Beck","article_modified_time":"2026-03-19T19:21:03+00:00","og_image":[{"width":2560,"height":1280,"url":"https:\/\/stiftung-wolframbeck.com\/wp-content\/uploads\/2024\/11\/today-1-angepasste-Tonwerte-scaled.jpg","type":"image\/jpeg"}],"twitter_card":"summary_large_image","twitter_misc":{"Est. reading time":"5 minutes"},"schema":{"@context":"https:\/\/schema.org","@graph":[{"@type":"WebPage","@id":"https:\/\/stiftung-wolframbeck.com\/maks-dannecker\/","url":"https:\/\/stiftung-wolframbeck.com\/maks-dannecker\/","name":"Maks Dannecker - Stiftung Wolfram Beck","isPartOf":{"@id":"https:\/\/stiftung-wolframbeck.com\/#website"},"primaryImageOfPage":{"@id":"https:\/\/stiftung-wolframbeck.com\/maks-dannecker\/#primaryimage"},"image":{"@id":"https:\/\/stiftung-wolframbeck.com\/maks-dannecker\/#primaryimage"},"thumbnailUrl":"https:\/\/stiftung-wolframbeck.com\/wp-content\/uploads\/2024\/11\/today-1-angepasste-Tonwerte-scaled.jpg","datePublished":"2024-11-01T15:04:02+00:00","dateModified":"2026-03-19T19:21:03+00:00","breadcrumb":{"@id":"https:\/\/stiftung-wolframbeck.com\/maks-dannecker\/#breadcrumb"},"inLanguage":"en-US","potentialAction":[{"@type":"ReadAction","target":["https:\/\/stiftung-wolframbeck.com\/maks-dannecker\/"]}]},{"@type":"ImageObject","inLanguage":"en-US","@id":"https:\/\/stiftung-wolframbeck.com\/maks-dannecker\/#primaryimage","url":"https:\/\/stiftung-wolframbeck.com\/wp-content\/uploads\/2024\/11\/today-1-angepasste-Tonwerte-scaled.jpg","contentUrl":"https:\/\/stiftung-wolframbeck.com\/wp-content\/uploads\/2024\/11\/today-1-angepasste-Tonwerte-scaled.jpg"},{"@type":"BreadcrumbList","@id":"https:\/\/stiftung-wolframbeck.com\/maks-dannecker\/#breadcrumb","itemListElement":[{"@type":"ListItem","position":1,"name":"Start","item":"https:\/\/stiftung-wolframbeck.com\/"},{"@type":"ListItem","position":2,"name":"Maks Dannecker"}]},{"@type":"WebSite","@id":"https:\/\/stiftung-wolframbeck.com\/#website","url":"https:\/\/stiftung-wolframbeck.com\/","name":"Stiftung Wolfram Beck","description":"Stiftung im Namen des Bildhauers Wolfram Beck zur Kunst- und Kulturf\u00f6rderung","publisher":{"@id":"https:\/\/stiftung-wolframbeck.com\/#organization"},"potentialAction":[{"@type":"SearchAction","target":{"@type":"EntryPoint","urlTemplate":"https:\/\/stiftung-wolframbeck.com\/?s={search_term_string}"},"query-input":{"@type":"PropertyValueSpecification","valueRequired":true,"valueName":"search_term_string"}}],"inLanguage":"en-US"},{"@type":"Organization","@id":"https:\/\/stiftung-wolframbeck.com\/#organization","name":"Stiftung Wolfram Beck","url":"https:\/\/stiftung-wolframbeck.com\/","logo":{"@type":"ImageObject","inLanguage":"en-US","@id":"https:\/\/stiftung-wolframbeck.com\/#\/schema\/logo\/image\/","url":"https:\/\/stiftung-wolframbeck.com\/wp-content\/uploads\/2025\/10\/cropped-Stiftung-Logo.jpg","contentUrl":"https:\/\/stiftung-wolframbeck.com\/wp-content\/uploads\/2025\/10\/cropped-Stiftung-Logo.jpg","width":512,"height":512,"caption":"Stiftung Wolfram Beck"},"image":{"@id":"https:\/\/stiftung-wolframbeck.com\/#\/schema\/logo\/image\/"},"sameAs":["https:\/\/www.instagram.com\/stiftung_wolfram_beck"]}]}},"_links":{"self":[{"href":"https:\/\/stiftung-wolframbeck.com\/en\/wp-json\/wp\/v2\/pages\/807","targetHints":{"allow":["GET"]}}],"collection":[{"href":"https:\/\/stiftung-wolframbeck.com\/en\/wp-json\/wp\/v2\/pages"}],"about":[{"href":"https:\/\/stiftung-wolframbeck.com\/en\/wp-json\/wp\/v2\/types\/page"}],"author":[{"embeddable":true,"href":"https:\/\/stiftung-wolframbeck.com\/en\/wp-json\/wp\/v2\/users\/1"}],"replies":[{"embeddable":true,"href":"https:\/\/stiftung-wolframbeck.com\/en\/wp-json\/wp\/v2\/comments?post=807"}],"version-history":[{"count":97,"href":"https:\/\/stiftung-wolframbeck.com\/en\/wp-json\/wp\/v2\/pages\/807\/revisions"}],"predecessor-version":[{"id":3725,"href":"https:\/\/stiftung-wolframbeck.com\/en\/wp-json\/wp\/v2\/pages\/807\/revisions\/3725"}],"wp:attachment":[{"href":"https:\/\/stiftung-wolframbeck.com\/en\/wp-json\/wp\/v2\/media?parent=807"}],"curies":[{"name":"wp","href":"https:\/\/api.w.org\/{rel}","templated":true}]}}