{"id":3729,"date":"2026-03-19T19:27:36","date_gmt":"2026-03-19T19:27:36","guid":{"rendered":"https:\/\/stiftung-wolframbeck.com\/?page_id=3729"},"modified":"2026-03-20T10:08:42","modified_gmt":"2026-03-20T10:08:42","slug":"spiesserzeit","status":"publish","type":"page","link":"https:\/\/stiftung-wolframbeck.com\/en\/spiesserzeit\/","title":{"rendered":"Spie\u00dferzeit"},"content":{"rendered":"<div data-elementor-type=\"wp-page\" data-elementor-id=\"3729\" class=\"elementor elementor-3729\">\n\t\t\t\t\t\t<section class=\"elementor-section elementor-top-section elementor-element elementor-element-459b519 elementor-hidden-tablet elementor-hidden-mobile elementor-section-boxed elementor-section-height-default elementor-section-height-default\" data-id=\"459b519\" data-element_type=\"section\" data-e-type=\"section\" data-settings=\"{&quot;background_background&quot;:&quot;classic&quot;}\">\n\t\t\t\t\t\t<div class=\"elementor-container elementor-column-gap-default\">\n\t\t\t\t\t<div class=\"elementor-column elementor-col-100 elementor-top-column elementor-element elementor-element-cf47055\" data-id=\"cf47055\" data-element_type=\"column\" data-e-type=\"column\">\n\t\t\t<div class=\"elementor-widget-wrap elementor-element-populated\">\n\t\t\t\t\t\t<div class=\"elementor-element elementor-element-5913b50 elementor-hidden-tablet elementor-hidden-mobile elementor-widget-divider--view-line elementor-widget elementor-widget-divider\" data-id=\"5913b50\" data-element_type=\"widget\" data-e-type=\"widget\" data-widget_type=\"divider.default\">\n\t\t\t\t<div class=\"elementor-widget-container\">\n\t\t\t\t\t\t\t<div class=\"elementor-divider\">\n\t\t\t<span class=\"elementor-divider-separator\">\n\t\t\t\t\t\t<\/span>\n\t\t<\/div>\n\t\t\t\t\t\t<\/div>\n\t\t\t\t<\/div>\n\t\t\t\t<div class=\"elementor-element elementor-element-3cf786d elementor-widget elementor-widget-spacer\" data-id=\"3cf786d\" data-element_type=\"widget\" data-e-type=\"widget\" data-widget_type=\"spacer.default\">\n\t\t\t\t<div class=\"elementor-widget-container\">\n\t\t\t\t\t\t\t<div class=\"elementor-spacer\">\n\t\t\t<div class=\"elementor-spacer-inner\"><\/div>\n\t\t<\/div>\n\t\t\t\t\t\t<\/div>\n\t\t\t\t<\/div>\n\t\t\t\t\t<\/div>\n\t\t<\/div>\n\t\t\t\t\t<\/div>\n\t\t<\/section>\n\t\t<div class=\"elementor-element elementor-element-0236353 e-flex e-con-boxed e-con e-parent\" data-id=\"0236353\" data-element_type=\"container\" data-e-type=\"container\">\n\t\t\t\t\t<div class=\"e-con-inner\">\n\t\t<div class=\"elementor-element elementor-element-21a4724 e-con-full e-flex e-con e-child\" data-id=\"21a4724\" data-element_type=\"container\" data-e-type=\"container\">\n\t\t\t\t<div class=\"elementor-element elementor-element-4923a40 elementor-widget-tablet__width-initial elementor-widget elementor-widget-text-editor\" data-id=\"4923a40\" data-element_type=\"widget\" data-e-type=\"widget\" data-widget_type=\"text-editor.default\">\n\t\t\t\t<div class=\"elementor-widget-container\">\n\t\t\t\t\t\t\t\t\t<p>STIFTUNG<\/p>\t\t\t\t\t\t\t\t<\/div>\n\t\t\t\t<\/div>\n\t\t\t\t<\/div>\n\t\t<div class=\"elementor-element elementor-element-925f113 e-con-full e-flex e-con e-child\" data-id=\"925f113\" data-element_type=\"container\" data-e-type=\"container\">\n\t\t\t\t<div class=\"elementor-element elementor-element-48b768e elementor-widget elementor-widget-text-editor\" data-id=\"48b768e\" data-element_type=\"widget\" data-e-type=\"widget\" data-widget_type=\"text-editor.default\">\n\t\t\t\t<div class=\"elementor-widget-container\">\n\t\t\t\t\t\t\t\t\t<p><span style=\"white-space: nowrap;\">WOLFRAM BECK<\/span><\/p>\t\t\t\t\t\t\t\t<\/div>\n\t\t\t\t<\/div>\n\t\t\t\t<\/div>\n\t\t\t\t\t<\/div>\n\t\t\t\t<\/div>\n\t\t<div class=\"elementor-element elementor-element-39c1b88 e-flex e-con-boxed e-con e-parent\" data-id=\"39c1b88\" data-element_type=\"container\" data-e-type=\"container\">\n\t\t\t\t\t<div class=\"e-con-inner\">\n\t\t\t\t<div class=\"elementor-element elementor-element-15a4bcd hfe-nav-menu__breakpoint-mobile hfe-nav-menu__align-left hfe-submenu-icon-arrow hfe-submenu-animation-none hfe-link-redirect-child elementor-widget elementor-widget-navigation-menu\" data-id=\"15a4bcd\" data-element_type=\"widget\" data-e-type=\"widget\" data-settings=\"{&quot;padding_horizontal_menu_item&quot;:{&quot;unit&quot;:&quot;px&quot;,&quot;size&quot;:20,&quot;sizes&quot;:[]},&quot;menu_space_between&quot;:{&quot;unit&quot;:&quot;px&quot;,&quot;size&quot;:0,&quot;sizes&quot;:[]},&quot;menu_row_space&quot;:{&quot;unit&quot;:&quot;px&quot;,&quot;size&quot;:0,&quot;sizes&quot;:[]},&quot;toggle_size&quot;:{&quot;unit&quot;:&quot;px&quot;,&quot;size&quot;:15,&quot;sizes&quot;:[]},&quot;toggle_border_width&quot;:{&quot;unit&quot;:&quot;px&quot;,&quot;size&quot;:0,&quot;sizes&quot;:[]},&quot;toggle_border_radius&quot;:{&quot;unit&quot;:&quot;px&quot;,&quot;size&quot;:0,&quot;sizes&quot;:[]},&quot;toggle_size_mobile&quot;:{&quot;unit&quot;:&quot;px&quot;,&quot;size&quot;:40,&quot;sizes&quot;:[]},&quot;toggle_border_width_mobile&quot;:{&quot;unit&quot;:&quot;px&quot;,&quot;size&quot;:1,&quot;sizes&quot;:[]},&quot;toggle_border_radius_mobile&quot;:{&quot;unit&quot;:&quot;px&quot;,&quot;size&quot;:10,&quot;sizes&quot;:[]},&quot;padding_horizontal_menu_item_tablet&quot;:{&quot;unit&quot;:&quot;px&quot;,&quot;size&quot;:&quot;&quot;,&quot;sizes&quot;:[]},&quot;padding_horizontal_menu_item_mobile&quot;:{&quot;unit&quot;:&quot;px&quot;,&quot;size&quot;:&quot;&quot;,&quot;sizes&quot;:[]},&quot;padding_vertical_menu_item&quot;:{&quot;unit&quot;:&quot;px&quot;,&quot;size&quot;:15,&quot;sizes&quot;:[]},&quot;padding_vertical_menu_item_tablet&quot;:{&quot;unit&quot;:&quot;px&quot;,&quot;size&quot;:&quot;&quot;,&quot;sizes&quot;:[]},&quot;padding_vertical_menu_item_mobile&quot;:{&quot;unit&quot;:&quot;px&quot;,&quot;size&quot;:&quot;&quot;,&quot;sizes&quot;:[]},&quot;menu_space_between_tablet&quot;:{&quot;unit&quot;:&quot;px&quot;,&quot;size&quot;:&quot;&quot;,&quot;sizes&quot;:[]},&quot;menu_space_between_mobile&quot;:{&quot;unit&quot;:&quot;px&quot;,&quot;size&quot;:&quot;&quot;,&quot;sizes&quot;:[]},&quot;menu_row_space_tablet&quot;:{&quot;unit&quot;:&quot;px&quot;,&quot;size&quot;:&quot;&quot;,&quot;sizes&quot;:[]},&quot;menu_row_space_mobile&quot;:{&quot;unit&quot;:&quot;px&quot;,&quot;size&quot;:&quot;&quot;,&quot;sizes&quot;:[]},&quot;dropdown_border_radius&quot;:{&quot;unit&quot;:&quot;px&quot;,&quot;top&quot;:&quot;&quot;,&quot;right&quot;:&quot;&quot;,&quot;bottom&quot;:&quot;&quot;,&quot;left&quot;:&quot;&quot;,&quot;isLinked&quot;:true},&quot;dropdown_border_radius_tablet&quot;:{&quot;unit&quot;:&quot;px&quot;,&quot;top&quot;:&quot;&quot;,&quot;right&quot;:&quot;&quot;,&quot;bottom&quot;:&quot;&quot;,&quot;left&quot;:&quot;&quot;,&quot;isLinked&quot;:true},&quot;dropdown_border_radius_mobile&quot;:{&quot;unit&quot;:&quot;px&quot;,&quot;top&quot;:&quot;&quot;,&quot;right&quot;:&quot;&quot;,&quot;bottom&quot;:&quot;&quot;,&quot;left&quot;:&quot;&quot;,&quot;isLinked&quot;:true},&quot;width_dropdown_item&quot;:{&quot;unit&quot;:&quot;px&quot;,&quot;size&quot;:&quot;220&quot;,&quot;sizes&quot;:[]},&quot;width_dropdown_item_tablet&quot;:{&quot;unit&quot;:&quot;px&quot;,&quot;size&quot;:&quot;&quot;,&quot;sizes&quot;:[]},&quot;width_dropdown_item_mobile&quot;:{&quot;unit&quot;:&quot;px&quot;,&quot;size&quot;:&quot;&quot;,&quot;sizes&quot;:[]},&quot;padding_horizontal_dropdown_item&quot;:{&quot;unit&quot;:&quot;px&quot;,&quot;size&quot;:&quot;&quot;,&quot;sizes&quot;:[]},&quot;padding_horizontal_dropdown_item_tablet&quot;:{&quot;unit&quot;:&quot;px&quot;,&quot;size&quot;:&quot;&quot;,&quot;sizes&quot;:[]},&quot;padding_horizontal_dropdown_item_mobile&quot;:{&quot;unit&quot;:&quot;px&quot;,&quot;size&quot;:&quot;&quot;,&quot;sizes&quot;:[]},&quot;padding_vertical_dropdown_item&quot;:{&quot;unit&quot;:&quot;px&quot;,&quot;size&quot;:15,&quot;sizes&quot;:[]},&quot;padding_vertical_dropdown_item_tablet&quot;:{&quot;unit&quot;:&quot;px&quot;,&quot;size&quot;:&quot;&quot;,&quot;sizes&quot;:[]},&quot;padding_vertical_dropdown_item_mobile&quot;:{&quot;unit&quot;:&quot;px&quot;,&quot;size&quot;:&quot;&quot;,&quot;sizes&quot;:[]},&quot;distance_from_menu&quot;:{&quot;unit&quot;:&quot;px&quot;,&quot;size&quot;:&quot;&quot;,&quot;sizes&quot;:[]},&quot;distance_from_menu_tablet&quot;:{&quot;unit&quot;:&quot;px&quot;,&quot;size&quot;:&quot;&quot;,&quot;sizes&quot;:[]},&quot;distance_from_menu_mobile&quot;:{&quot;unit&quot;:&quot;px&quot;,&quot;size&quot;:&quot;&quot;,&quot;sizes&quot;:[]},&quot;toggle_size_tablet&quot;:{&quot;unit&quot;:&quot;px&quot;,&quot;size&quot;:&quot;&quot;,&quot;sizes&quot;:[]},&quot;toggle_border_width_tablet&quot;:{&quot;unit&quot;:&quot;px&quot;,&quot;size&quot;:&quot;&quot;,&quot;sizes&quot;:[]},&quot;toggle_border_radius_tablet&quot;:{&quot;unit&quot;:&quot;px&quot;,&quot;size&quot;:&quot;&quot;,&quot;sizes&quot;:[]}}\" data-widget_type=\"navigation-menu.default\">\n\t\t\t\t<div class=\"elementor-widget-container\">\n\t\t\t\t\t\t\t\t<div class=\"hfe-nav-menu hfe-layout-horizontal hfe-nav-menu-layout horizontal hfe-pointer__none\" data-layout=\"horizontal\">\n\t\t\t\t<div role=\"button\" class=\"hfe-nav-menu__toggle elementor-clickable\" tabindex=\"0\" aria-label=\"Menu Toggle\">\n\t\t\t\t\t<span class=\"screen-reader-text\">Menu<\/span>\n\t\t\t\t\t<div class=\"hfe-nav-menu-icon\">\n\t\t\t\t\t\t<i aria-hidden=\"true\"  class=\"fas fa-bars\"><\/i>\t\t\t\t\t<\/div>\n\t\t\t\t<\/div>\n\t\t\t\t<nav class=\"hfe-nav-menu__layout-horizontal hfe-nav-menu__submenu-arrow\" data-toggle-icon=\"&lt;i aria-hidden=&quot;true&quot; tabindex=&quot;0&quot; class=&quot;fas fa-bars&quot;&gt;&lt;\/i&gt;\" data-close-icon=\"&lt;i aria-hidden=&quot;true&quot; tabindex=&quot;0&quot; class=&quot;fas fa-angle-double-left&quot;&gt;&lt;\/i&gt;\" data-full-width=\"yes\">\n\t\t\t\t\t<ul id=\"menu-1-15a4bcd\" class=\"hfe-nav-menu\"><li id=\"menu-item-3264\" class=\"menu-item menu-item-type-post_type menu-item-object-page menu-item-home parent hfe-creative-menu\"><a href=\"https:\/\/stiftung-wolframbeck.com\/en\/\" class = \"hfe-menu-item\">Home<\/a><\/li>\n<li id=\"menu-item-2336\" class=\"menu-item menu-item-type-post_type menu-item-object-page parent hfe-creative-menu\"><a href=\"https:\/\/stiftung-wolframbeck.com\/en\/bildhauerei-preis\/\" class = \"hfe-menu-item\">Bildhauerei Preis<\/a><\/li>\n<li id=\"menu-item-2337\" class=\"menu-item menu-item-type-post_type menu-item-object-page parent hfe-creative-menu\"><a href=\"https:\/\/stiftung-wolframbeck.com\/en\/biografie\/\" class = \"hfe-menu-item\">Biographie<\/a><\/li>\n<li id=\"menu-item-2450\" class=\"menu-item menu-item-type-custom menu-item-object-custom parent hfe-creative-menu\"><a target=\"_blank\"rel=\"noopener\" href=\"https:\/\/wolframbeck.com\/\" class = \"hfe-menu-item\">Werkverzeichnis<\/a><\/li>\n<li id=\"menu-item-2948\" class=\"menu-item menu-item-type-post_type menu-item-object-page parent hfe-creative-menu\"><a href=\"https:\/\/stiftung-wolframbeck.com\/en\/archiv\/\" class = \"hfe-menu-item\">Archiv<\/a><\/li>\n<\/ul> \n\t\t\t\t<\/nav>\n\t\t\t<\/div>\n\t\t\t\t\t\t\t<\/div>\n\t\t\t\t<\/div>\n\t\t\t\t\t<\/div>\n\t\t\t\t<\/div>\n\t\t<div class=\"elementor-element elementor-element-b7ec36d e-flex e-con-boxed e-con e-parent\" data-id=\"b7ec36d\" data-element_type=\"container\" data-e-type=\"container\">\n\t\t\t\t\t<div class=\"e-con-inner\">\n\t\t\t\t<div class=\"elementor-element elementor-element-e109e11 elementor-widget__width-initial elementor-widget-mobile__width-initial elementor-widget elementor-widget-text-editor\" data-id=\"e109e11\" data-element_type=\"widget\" data-e-type=\"widget\" data-widget_type=\"text-editor.default\">\n\t\t\t\t<div class=\"elementor-widget-container\">\n\t\t\t\t\t\t\t\t\t<h2>Emma Zimmermann \u00a0&gt; Spie\u00dferzeit &gt;<\/h2>\t\t\t\t\t\t\t\t<\/div>\n\t\t\t\t<\/div>\n\t\t\t\t\t<\/div>\n\t\t\t\t<\/div>\n\t\t<div class=\"elementor-element elementor-element-2153c70 e-flex e-con-boxed e-con e-parent\" data-id=\"2153c70\" data-element_type=\"container\" data-e-type=\"container\">\n\t\t\t\t\t<div class=\"e-con-inner\">\n\t\t\t\t<div class=\"elementor-element elementor-element-77cfae3 elementor-widget elementor-widget-image\" data-id=\"77cfae3\" data-element_type=\"widget\" data-e-type=\"widget\" data-widget_type=\"image.default\">\n\t\t\t\t<div class=\"elementor-widget-container\">\n\t\t\t\t\t\t\t\t\t\t\t\t\t\t\t<img fetchpriority=\"high\" decoding=\"async\" width=\"533\" height=\"800\" src=\"https:\/\/stiftung-wolframbeck.com\/wp-content\/uploads\/2026\/03\/Spiesserzeit.jpg\" class=\"attachment-large size-large wp-image-3732\" alt=\"\" srcset=\"https:\/\/stiftung-wolframbeck.com\/wp-content\/uploads\/2026\/03\/Spiesserzeit.jpg 533w, https:\/\/stiftung-wolframbeck.com\/wp-content\/uploads\/2026\/03\/Spiesserzeit-200x300.jpg 200w, https:\/\/stiftung-wolframbeck.com\/wp-content\/uploads\/2026\/03\/Spiesserzeit-8x12.jpg 8w\" sizes=\"(max-width: 533px) 100vw, 533px\" \/>\t\t\t\t\t\t\t\t\t\t\t\t\t\t\t<\/div>\n\t\t\t\t<\/div>\n\t\t\t\t<div class=\"elementor-element elementor-element-307fc26 elementor-widget elementor-widget-text-editor\" data-id=\"307fc26\" data-element_type=\"widget\" data-e-type=\"widget\" data-widget_type=\"text-editor.default\">\n\t\t\t\t<div class=\"elementor-widget-container\">\n\t\t\t\t\t\t\t\t\t<p>F\u00fcr Meistersch\u00fclerin Emma Zimmermann beginnt das Werk im Prozess. Das Werkst\u00fcck wird eigenh\u00e4ndig geschmiedet. Es sind die Schl\u00e4ge auf das gl\u00fchende Metall, die erforderlich werden, um sich das Material k\u00fcnstlerisch anzueignen. Zimmermann braucht diese brachiale Auseinandersetzung mit dem Werkstoff.<\/p><p>Es sind vor allem Z\u00e4une, mit denen sich Zimmermann k\u00fcnstlerisch besch\u00e4ftig. Z\u00e4une als Be- und Ausgrenzung, Z\u00e4une als Ausdruck von Geschmack und Status. Dass Z\u00e4une auch filigran sein k\u00f6nnen und sich der Formensprache der Natur bedienen, nimmt Zimmermann auf und spielt damit.<\/p><p><em>\u201eDer Ausgangspunkt meiner Arbeiten ist das Beobachten und Fotodokumentieren von Z\u00e4unen oder verwandten Formen, die ich in Berlin aber auch bspw. Warschau und London finde. In diesem dokumentarischen Prozess ordne ich die Bedeutung ein. Es sch\u00e4lt sich w\u00e4hrend der Auseinandersetzung mit der Form und dem Material heraus, was mich an der Form reizt.\u201c<\/em><\/p><p>Zimmermann interessiert sich f\u00fcr sehr ambivalente Momente, die nicht klar einzuordnen sind. <em>\u201eWas ich wie darstelle, ist ab dem Moment, in dem ich in der Werkstatt stehe, f\u00fcr mich vorgegeben.\u201c<\/em><\/p><p>Der Ausstellungstitel &gt; Spie\u00dferzeit &gt; ist zu Beginn der Spargelzeit alles andere als ein Zufall. Wir finden ein Spiel mit Begriffen, Formen und Material vor, das \u00fcberrascht und uns vereinnahmt, diesen gedanklichen und geschmiedeten Weg mitzugehen.<\/p><p>Neben Schmiedearbeiten zeigt die Stiftung Wolfram Beck Werke verschiedenster Techniken, die Emma Zimmermann beherrscht und derer sie sich bedient. Die Werke entstammen den Prozessen des Holzbiegens, der Metallverarbeitung im weitersten Sinne wie Schwei\u00dfen, Schleifen und Schmieden, aber auch Siebdruck, Guss und der Textilverarbeitung.<\/p><p>Im Rahmen der F\u00f6rderung des Bildhauernachwuchses ist es der Stiftung Wolfram Beck Anliegen und Freude, junge Positionen zu zeigen, die zeitaktuell sind und sich zugleich den kunsthandwerklichen Urspr\u00fcngen der Bildenden K\u00fcnste und ihren Herausforderungen an Material, Raum und Fertigungskunst stellen.<\/p>\t\t\t\t\t\t\t\t<\/div>\n\t\t\t\t<\/div>\n\t\t\t\t\t<\/div>\n\t\t\t\t<\/div>\n\t\t\t\t<\/div>","protected":false},"excerpt":{"rendered":"<p>STIFTUNG WOLFRAM BECK Men\u00fc Home Bildhauerei Preis Biographie Werkverzeichnis Archiv Emma Zimmermann \u00a0&gt; Spie\u00dferzeit &gt; F\u00fcr Meistersch\u00fclerin Emma Zimmermann beginnt das Werk im Prozess. Das Werkst\u00fcck wird eigenh\u00e4ndig geschmiedet. Es sind die Schl\u00e4ge auf das gl\u00fchende Metall, die erforderlich werden, um sich das Material k\u00fcnstlerisch anzueignen. Zimmermann braucht diese brachiale Auseinandersetzung mit dem Werkstoff. Es [&hellip;]<\/p>\n","protected":false},"author":1,"featured_media":0,"parent":0,"menu_order":0,"comment_status":"closed","ping_status":"closed","template":"","meta":{"footnotes":""},"class_list":["post-3729","page","type-page","status-publish","hentry"],"yoast_head":"<!-- This site is optimized with the Yoast SEO plugin v27.5 - https:\/\/yoast.com\/product\/yoast-seo-wordpress\/ -->\n<title>Spie\u00dferzeit - Stiftung Wolfram Beck<\/title>\n<meta name=\"robots\" content=\"index, follow, max-snippet:-1, max-image-preview:large, max-video-preview:-1\" \/>\n<link rel=\"canonical\" href=\"https:\/\/stiftung-wolframbeck.com\/en\/spiesserzeit\/\" \/>\n<meta property=\"og:locale\" content=\"en_US\" \/>\n<meta property=\"og:type\" content=\"article\" \/>\n<meta property=\"og:title\" content=\"Spie\u00dferzeit - Stiftung Wolfram Beck\" \/>\n<meta property=\"og:description\" content=\"STIFTUNG WOLFRAM BECK Men\u00fc Home Bildhauerei Preis Biographie Werkverzeichnis Archiv Emma Zimmermann \u00a0&gt; Spie\u00dferzeit &gt; F\u00fcr Meistersch\u00fclerin Emma Zimmermann beginnt das Werk im Prozess. Das Werkst\u00fcck wird eigenh\u00e4ndig geschmiedet. Es sind die Schl\u00e4ge auf das gl\u00fchende Metall, die erforderlich werden, um sich das Material k\u00fcnstlerisch anzueignen. Zimmermann braucht diese brachiale Auseinandersetzung mit dem Werkstoff. Es [&hellip;]\" \/>\n<meta property=\"og:url\" content=\"https:\/\/stiftung-wolframbeck.com\/en\/spiesserzeit\/\" \/>\n<meta property=\"og:site_name\" content=\"Stiftung Wolfram Beck\" \/>\n<meta property=\"article:modified_time\" content=\"2026-03-20T10:08:42+00:00\" \/>\n<meta property=\"og:image\" content=\"https:\/\/stiftung-wolframbeck.com\/wp-content\/uploads\/2026\/03\/Spiesserzeit.jpg\" \/>\n\t<meta property=\"og:image:width\" content=\"533\" \/>\n\t<meta property=\"og:image:height\" content=\"800\" \/>\n\t<meta property=\"og:image:type\" content=\"image\/jpeg\" \/>\n<meta name=\"twitter:card\" content=\"summary_large_image\" \/>\n<meta name=\"twitter:label1\" content=\"Est. reading time\" \/>\n\t<meta name=\"twitter:data1\" content=\"2 minutes\" \/>\n<script type=\"application\/ld+json\" class=\"yoast-schema-graph\">{\"@context\":\"https:\\\/\\\/schema.org\",\"@graph\":[{\"@type\":\"WebPage\",\"@id\":\"https:\\\/\\\/stiftung-wolframbeck.com\\\/spiesserzeit\\\/\",\"url\":\"https:\\\/\\\/stiftung-wolframbeck.com\\\/spiesserzeit\\\/\",\"name\":\"Spie\u00dferzeit - Stiftung Wolfram Beck\",\"isPartOf\":{\"@id\":\"https:\\\/\\\/stiftung-wolframbeck.com\\\/#website\"},\"primaryImageOfPage\":{\"@id\":\"https:\\\/\\\/stiftung-wolframbeck.com\\\/spiesserzeit\\\/#primaryimage\"},\"image\":{\"@id\":\"https:\\\/\\\/stiftung-wolframbeck.com\\\/spiesserzeit\\\/#primaryimage\"},\"thumbnailUrl\":\"https:\\\/\\\/stiftung-wolframbeck.com\\\/wp-content\\\/uploads\\\/2026\\\/03\\\/Spiesserzeit.jpg\",\"datePublished\":\"2026-03-19T19:27:36+00:00\",\"dateModified\":\"2026-03-20T10:08:42+00:00\",\"breadcrumb\":{\"@id\":\"https:\\\/\\\/stiftung-wolframbeck.com\\\/spiesserzeit\\\/#breadcrumb\"},\"inLanguage\":\"en-US\",\"potentialAction\":[{\"@type\":\"ReadAction\",\"target\":[\"https:\\\/\\\/stiftung-wolframbeck.com\\\/spiesserzeit\\\/\"]}]},{\"@type\":\"ImageObject\",\"inLanguage\":\"en-US\",\"@id\":\"https:\\\/\\\/stiftung-wolframbeck.com\\\/spiesserzeit\\\/#primaryimage\",\"url\":\"https:\\\/\\\/stiftung-wolframbeck.com\\\/wp-content\\\/uploads\\\/2026\\\/03\\\/Spiesserzeit.jpg\",\"contentUrl\":\"https:\\\/\\\/stiftung-wolframbeck.com\\\/wp-content\\\/uploads\\\/2026\\\/03\\\/Spiesserzeit.jpg\"},{\"@type\":\"BreadcrumbList\",\"@id\":\"https:\\\/\\\/stiftung-wolframbeck.com\\\/spiesserzeit\\\/#breadcrumb\",\"itemListElement\":[{\"@type\":\"ListItem\",\"position\":1,\"name\":\"Start\",\"item\":\"https:\\\/\\\/stiftung-wolframbeck.com\\\/\"},{\"@type\":\"ListItem\",\"position\":2,\"name\":\"Spie\u00dferzeit\"}]},{\"@type\":\"WebSite\",\"@id\":\"https:\\\/\\\/stiftung-wolframbeck.com\\\/#website\",\"url\":\"https:\\\/\\\/stiftung-wolframbeck.com\\\/\",\"name\":\"Stiftung Wolfram Beck\",\"description\":\"Stiftung im Namen des Bildhauers Wolfram Beck zur Kunst- und Kulturf\u00f6rderung\",\"publisher\":{\"@id\":\"https:\\\/\\\/stiftung-wolframbeck.com\\\/#organization\"},\"potentialAction\":[{\"@type\":\"SearchAction\",\"target\":{\"@type\":\"EntryPoint\",\"urlTemplate\":\"https:\\\/\\\/stiftung-wolframbeck.com\\\/?s={search_term_string}\"},\"query-input\":{\"@type\":\"PropertyValueSpecification\",\"valueRequired\":true,\"valueName\":\"search_term_string\"}}],\"inLanguage\":\"en-US\"},{\"@type\":\"Organization\",\"@id\":\"https:\\\/\\\/stiftung-wolframbeck.com\\\/#organization\",\"name\":\"Stiftung Wolfram Beck\",\"url\":\"https:\\\/\\\/stiftung-wolframbeck.com\\\/\",\"logo\":{\"@type\":\"ImageObject\",\"inLanguage\":\"en-US\",\"@id\":\"https:\\\/\\\/stiftung-wolframbeck.com\\\/#\\\/schema\\\/logo\\\/image\\\/\",\"url\":\"https:\\\/\\\/stiftung-wolframbeck.com\\\/wp-content\\\/uploads\\\/2025\\\/10\\\/cropped-Stiftung-Logo.jpg\",\"contentUrl\":\"https:\\\/\\\/stiftung-wolframbeck.com\\\/wp-content\\\/uploads\\\/2025\\\/10\\\/cropped-Stiftung-Logo.jpg\",\"width\":512,\"height\":512,\"caption\":\"Stiftung Wolfram Beck\"},\"image\":{\"@id\":\"https:\\\/\\\/stiftung-wolframbeck.com\\\/#\\\/schema\\\/logo\\\/image\\\/\"},\"sameAs\":[\"https:\\\/\\\/www.instagram.com\\\/stiftung_wolfram_beck\"]}]}<\/script>\n<!-- \/ Yoast SEO plugin. -->","yoast_head_json":{"title":"Spie\u00dferzeit - Stiftung Wolfram Beck","robots":{"index":"index","follow":"follow","max-snippet":"max-snippet:-1","max-image-preview":"max-image-preview:large","max-video-preview":"max-video-preview:-1"},"canonical":"https:\/\/stiftung-wolframbeck.com\/en\/spiesserzeit\/","og_locale":"en_US","og_type":"article","og_title":"Spie\u00dferzeit - Stiftung Wolfram Beck","og_description":"STIFTUNG WOLFRAM BECK Men\u00fc Home Bildhauerei Preis Biographie Werkverzeichnis Archiv Emma Zimmermann \u00a0&gt; Spie\u00dferzeit &gt; F\u00fcr Meistersch\u00fclerin Emma Zimmermann beginnt das Werk im Prozess. Das Werkst\u00fcck wird eigenh\u00e4ndig geschmiedet. Es sind die Schl\u00e4ge auf das gl\u00fchende Metall, die erforderlich werden, um sich das Material k\u00fcnstlerisch anzueignen. Zimmermann braucht diese brachiale Auseinandersetzung mit dem Werkstoff. Es [&hellip;]","og_url":"https:\/\/stiftung-wolframbeck.com\/en\/spiesserzeit\/","og_site_name":"Stiftung Wolfram Beck","article_modified_time":"2026-03-20T10:08:42+00:00","og_image":[{"width":533,"height":800,"url":"https:\/\/stiftung-wolframbeck.com\/wp-content\/uploads\/2026\/03\/Spiesserzeit.jpg","type":"image\/jpeg"}],"twitter_card":"summary_large_image","twitter_misc":{"Est. reading time":"2 minutes"},"schema":{"@context":"https:\/\/schema.org","@graph":[{"@type":"WebPage","@id":"https:\/\/stiftung-wolframbeck.com\/spiesserzeit\/","url":"https:\/\/stiftung-wolframbeck.com\/spiesserzeit\/","name":"Spie\u00dferzeit - Stiftung Wolfram Beck","isPartOf":{"@id":"https:\/\/stiftung-wolframbeck.com\/#website"},"primaryImageOfPage":{"@id":"https:\/\/stiftung-wolframbeck.com\/spiesserzeit\/#primaryimage"},"image":{"@id":"https:\/\/stiftung-wolframbeck.com\/spiesserzeit\/#primaryimage"},"thumbnailUrl":"https:\/\/stiftung-wolframbeck.com\/wp-content\/uploads\/2026\/03\/Spiesserzeit.jpg","datePublished":"2026-03-19T19:27:36+00:00","dateModified":"2026-03-20T10:08:42+00:00","breadcrumb":{"@id":"https:\/\/stiftung-wolframbeck.com\/spiesserzeit\/#breadcrumb"},"inLanguage":"en-US","potentialAction":[{"@type":"ReadAction","target":["https:\/\/stiftung-wolframbeck.com\/spiesserzeit\/"]}]},{"@type":"ImageObject","inLanguage":"en-US","@id":"https:\/\/stiftung-wolframbeck.com\/spiesserzeit\/#primaryimage","url":"https:\/\/stiftung-wolframbeck.com\/wp-content\/uploads\/2026\/03\/Spiesserzeit.jpg","contentUrl":"https:\/\/stiftung-wolframbeck.com\/wp-content\/uploads\/2026\/03\/Spiesserzeit.jpg"},{"@type":"BreadcrumbList","@id":"https:\/\/stiftung-wolframbeck.com\/spiesserzeit\/#breadcrumb","itemListElement":[{"@type":"ListItem","position":1,"name":"Start","item":"https:\/\/stiftung-wolframbeck.com\/"},{"@type":"ListItem","position":2,"name":"Spie\u00dferzeit"}]},{"@type":"WebSite","@id":"https:\/\/stiftung-wolframbeck.com\/#website","url":"https:\/\/stiftung-wolframbeck.com\/","name":"Stiftung Wolfram Beck","description":"Stiftung im Namen des Bildhauers Wolfram Beck zur Kunst- und Kulturf\u00f6rderung","publisher":{"@id":"https:\/\/stiftung-wolframbeck.com\/#organization"},"potentialAction":[{"@type":"SearchAction","target":{"@type":"EntryPoint","urlTemplate":"https:\/\/stiftung-wolframbeck.com\/?s={search_term_string}"},"query-input":{"@type":"PropertyValueSpecification","valueRequired":true,"valueName":"search_term_string"}}],"inLanguage":"en-US"},{"@type":"Organization","@id":"https:\/\/stiftung-wolframbeck.com\/#organization","name":"Stiftung Wolfram Beck","url":"https:\/\/stiftung-wolframbeck.com\/","logo":{"@type":"ImageObject","inLanguage":"en-US","@id":"https:\/\/stiftung-wolframbeck.com\/#\/schema\/logo\/image\/","url":"https:\/\/stiftung-wolframbeck.com\/wp-content\/uploads\/2025\/10\/cropped-Stiftung-Logo.jpg","contentUrl":"https:\/\/stiftung-wolframbeck.com\/wp-content\/uploads\/2025\/10\/cropped-Stiftung-Logo.jpg","width":512,"height":512,"caption":"Stiftung Wolfram Beck"},"image":{"@id":"https:\/\/stiftung-wolframbeck.com\/#\/schema\/logo\/image\/"},"sameAs":["https:\/\/www.instagram.com\/stiftung_wolfram_beck"]}]}},"_links":{"self":[{"href":"https:\/\/stiftung-wolframbeck.com\/en\/wp-json\/wp\/v2\/pages\/3729","targetHints":{"allow":["GET"]}}],"collection":[{"href":"https:\/\/stiftung-wolframbeck.com\/en\/wp-json\/wp\/v2\/pages"}],"about":[{"href":"https:\/\/stiftung-wolframbeck.com\/en\/wp-json\/wp\/v2\/types\/page"}],"author":[{"embeddable":true,"href":"https:\/\/stiftung-wolframbeck.com\/en\/wp-json\/wp\/v2\/users\/1"}],"replies":[{"embeddable":true,"href":"https:\/\/stiftung-wolframbeck.com\/en\/wp-json\/wp\/v2\/comments?post=3729"}],"version-history":[{"count":28,"href":"https:\/\/stiftung-wolframbeck.com\/en\/wp-json\/wp\/v2\/pages\/3729\/revisions"}],"predecessor-version":[{"id":3769,"href":"https:\/\/stiftung-wolframbeck.com\/en\/wp-json\/wp\/v2\/pages\/3729\/revisions\/3769"}],"wp:attachment":[{"href":"https:\/\/stiftung-wolframbeck.com\/en\/wp-json\/wp\/v2\/media?parent=3729"}],"curies":[{"name":"wp","href":"https:\/\/api.w.org\/{rel}","templated":true}]}}